{"id":15059,"date":"2026-01-17T02:32:30","date_gmt":"2026-01-17T05:32:30","guid":{"rendered":"https:\/\/supermichi.cl\/?post_type=product&#038;p=15059"},"modified":"2026-02-14T18:23:37","modified_gmt":"2026-02-14T21:23:37","slug":"arenero-romeo","status":"publish","type":"product","link":"https:\/\/old.supermichi.cl\/staging\/producto\/arenero-romeo\/","title":{"rendered":"Arenero Romeo"},"content":{"rendered":"<p>Medidas:\u00a0<strong>57 cm largo, 39 cm ancho y 41 cm alto.<br \/>\n<\/strong>El Arenero Sanitario tipo c\u00fapula es \u00fatil para gatos de cualquier tama\u00f1o. Posee una puerta abatible para facilitar el acceso\u00a0 de tu gato. Adem\u00e1s, cuenta con un filtro de carb\u00f3n que ayuda a mantener el ambiente exterior libre de malo olores.<br \/>\nSe recomienda el uso de arena aglutinante para maximizar los beneficios.<\/p>\n","protected":false},"excerpt":{"rendered":"<p>Ver imagen referencial<\/p>\n","protected":false},"featured_media":14026,"comment_status":"closed","ping_status":"closed","template":"","meta":{"inline_featured_image":false},"product_cat":[209],"product_tag":[],"class_list":{"0":"post-15059","1":"product","2":"type-product","3":"status-publish","4":"has-post-thumbnail","6":"product_cat-gatos","7":"product_shipping_class-arenero","9":"first","10":"instock","11":"sale","12":"shipping-taxable","13":"purchasable","14":"product-type-variable"},"tiered_pricing_type":"fixed","tiered_pricing_fixed_rules":[],"tiered_pricing_percentage_rules":[],"tiered_pricing_minimum":1,"tiered_pricing_roles_data":[],"_links":{"self":[{"href":"https:\/\/old.supermichi.cl\/staging\/wp-json\/wp\/v2\/product\/15059","targetHints":{"allow":["GET"]}}],"collection":[{"href":"https:\/\/old.supermichi.cl\/staging\/wp-json\/wp\/v2\/product"}],"about":[{"href":"https:\/\/old.supermichi.cl\/staging\/wp-json\/wp\/v2\/types\/product"}],"replies":[{"embeddable":true,"href":"https:\/\/old.supermichi.cl\/staging\/wp-json\/wp\/v2\/comments?post=15059"}],"version-history":[{"count":1,"href":"https:\/\/old.supermichi.cl\/staging\/wp-json\/wp\/v2\/product\/15059\/revisions"}],"predecessor-version":[{"id":15089,"href":"https:\/\/old.supermichi.cl\/staging\/wp-json\/wp\/v2\/product\/15059\/revisions\/15089"}],"wp:featuredmedia":[{"embeddable":true,"href":"https:\/\/old.supermichi.cl\/staging\/wp-json\/wp\/v2\/media\/14026"}],"wp:attachment":[{"href":"https:\/\/old.supermichi.cl\/staging\/wp-json\/wp\/v2\/media?parent=15059"}],"wp:term":[{"taxonomy":"product_cat","embeddable":true,"href":"https:\/\/old.supermichi.cl\/staging\/wp-json\/wp\/v2\/product_cat?post=15059"},{"taxonomy":"product_tag","embeddable":true,"href":"https:\/\/old.supermichi.cl\/staging\/wp-json\/wp\/v2\/product_tag?post=15059"}],"curies":[{"name":"wp","href":"https:\/\/api.w.org\/{rel}","templated":true}]}}