{"id":15125,"date":"2026-01-17T02:32:47","date_gmt":"2026-01-17T05:32:47","guid":{"rendered":"https:\/\/supermichi.cl\/?post_type=product&#038;p=15125"},"modified":"2026-01-17T02:33:08","modified_gmt":"2026-01-17T05:33:08","slug":"snack-cremoso-cats-snack-4x15-gr","status":"publish","type":"product","link":"https:\/\/old.supermichi.cl\/staging\/producto\/snack-cremoso-cats-snack-4x15-gr\/","title":{"rendered":"Snack Cremoso Cat&#8217;s Snack, 4&#215;15 gr"},"content":{"rendered":"<blockquote><p>Descubre el placer culinario que Cats Snack Tubito Cremoso ofrece a tu felino. Estos deliciosos snacks cremosos est\u00e1n disponibles en una variedad de sabores irresistibles como h\u00edgado de pollo, mejill\u00f3n, salm\u00f3n, albacora y cangrejo. Dise\u00f1ados para cautivar el paladar de tu gato, los Tubitos Cremosos brindan una experiencia de sabor \u00fanica con una textura suave que transforma cada lamido en un momento de pura satisfacci\u00f3n.<\/p><\/blockquote>\n<p>**Suavidad y cremosidad inigualables**<br \/>\nLa consistencia suave y cremosa de los Tubitos Cremosos asegura que tu gato disfrute cada bocado. Perfectos para ser ofrecidos directamente del tubo, estos snacks tambi\u00e9n pueden mezclarse con su comida diaria para enriquecer su alimentaci\u00f3n y hacerla m\u00e1s placentera.<\/p>\n<p>**Nutrici\u00f3n integral y refuerzo del bienestar**<br \/>\nEnriquecidos con taurina, un nutriente esencial para la salud ocular y el desarrollo cerebral, estos snacks no solo son deliciosos, sino que tambi\u00e9n promueven el bienestar general de tu gato. Adem\u00e1s, el extracto de t\u00e9 verde contenido en la f\u00f3rmula refuerza el sistema inmunol\u00f3gico y ayuda a prevenir la formaci\u00f3n de caries dentales, brindando una protecci\u00f3n integral.<\/p>\n<p>**Opci\u00f3n saludable y sin conservantes artificiales**<br \/>\nCats Snack Tubito Cremoso es una elecci\u00f3n saludable para consentir a tu gato. Libres de gluten y conservantes artificiales, estos tubitos son perfectos para gatos con necesidades diet\u00e9ticas espec\u00edficas, proporcionando un snack delicioso y seguro para su bienestar.<\/p>\n<p>**C\u00f3mo servirlos**<br \/>\nOfrece los Tubitos Cremosos directamente del envase para una experiencia divertida y cercana con tu felino, o agr\u00e9gaselos a sus comidas para mejorar el sabor y la nutrici\u00f3n de su dieta diaria.<\/p>\n<p>Haz que cada comida sea especial con Cats Snack Tubito Cremoso y dale a tu gato la experiencia de sabor que merece. \u00a1Compra ahora en Mundotito y transforma el momento de la merienda en pura alegr\u00eda para tu felino!<\/p>\n","protected":false},"excerpt":{"rendered":"<p>Descubre el placer culinario que Cats Snack Tubito Cremoso ofrece a tu felino. Estos deliciosos snacks cremosos est\u00e1n disponibles en una variedad de sabores irresistibles como h\u00edgado de pollo, mejill\u00f3n, salm\u00f3n, albacora y cangrejo. Dise\u00f1ados para cautivar el paladar de tu gato, los Tubitos Cremosos brindan una experiencia de sabor \u00fanica con una textura suave [&hellip;]<\/p>\n","protected":false},"featured_media":14111,"comment_status":"open","ping_status":"closed","template":"","meta":{"inline_featured_image":false},"product_cat":[209,226],"product_tag":[],"class_list":{"0":"post-15125","1":"product","2":"type-product","3":"status-publish","4":"has-post-thumbnail","6":"product_cat-gatos","7":"product_cat-snack-y-sachet-para-gato","8":"product_shipping_class-alimento","10":"first","11":"outofstock","12":"shipping-taxable","13":"purchasable","14":"product-type-variable"},"tiered_pricing_type":"fixed","tiered_pricing_fixed_rules":[],"tiered_pricing_percentage_rules":[],"tiered_pricing_minimum":1,"tiered_pricing_roles_data":[],"_links":{"self":[{"href":"https:\/\/old.supermichi.cl\/staging\/wp-json\/wp\/v2\/product\/15125","targetHints":{"allow":["GET"]}}],"collection":[{"href":"https:\/\/old.supermichi.cl\/staging\/wp-json\/wp\/v2\/product"}],"about":[{"href":"https:\/\/old.supermichi.cl\/staging\/wp-json\/wp\/v2\/types\/product"}],"replies":[{"embeddable":true,"href":"https:\/\/old.supermichi.cl\/staging\/wp-json\/wp\/v2\/comments?post=15125"}],"version-history":[{"count":1,"href":"https:\/\/old.supermichi.cl\/staging\/wp-json\/wp\/v2\/product\/15125\/revisions"}],"predecessor-version":[{"id":15134,"href":"https:\/\/old.supermichi.cl\/staging\/wp-json\/wp\/v2\/product\/15125\/revisions\/15134"}],"wp:featuredmedia":[{"embeddable":true,"href":"https:\/\/old.supermichi.cl\/staging\/wp-json\/wp\/v2\/media\/14111"}],"wp:attachment":[{"href":"https:\/\/old.supermichi.cl\/staging\/wp-json\/wp\/v2\/media?parent=15125"}],"wp:term":[{"taxonomy":"product_cat","embeddable":true,"href":"https:\/\/old.supermichi.cl\/staging\/wp-json\/wp\/v2\/product_cat?post=15125"},{"taxonomy":"product_tag","embeddable":true,"href":"https:\/\/old.supermichi.cl\/staging\/wp-json\/wp\/v2\/product_tag?post=15125"}],"curies":[{"name":"wp","href":"https:\/\/api.w.org\/{rel}","templated":true}]}}