{"id":15146,"date":"2026-01-17T02:33:02","date_gmt":"2026-01-17T05:33:02","guid":{"rendered":"https:\/\/supermichi.cl\/?post_type=product&#038;p=15146"},"modified":"2026-01-17T02:33:09","modified_gmt":"2026-01-17T05:33:09","slug":"churu-snack-variedades","status":"publish","type":"product","link":"https:\/\/old.supermichi.cl\/staging\/producto\/churu-snack-variedades\/","title":{"rendered":"Churu Snack, Variedades"},"content":{"rendered":"<p>Los Pur\u00e9s Churu para Gatos son el snack perfecto para consentir a tu felino de manera saludable y deliciosa. Elaborados con aut\u00e9ntico at\u00fan de aguas profundas y pollo de granja, estos snacks cremosos son irresistibles para los gatos, combinando una textura suave con un aroma que cautivar\u00e1 su paladar. Disponibles en las exquisitas variedades de Pollo con Salm\u00f3n, At\u00fan, y Pollo, los Pur\u00e9s Churu ofrecen un nivel de humedad alto, esencial para el bienestar y la hidrataci\u00f3n de tu gato.<\/p>\n<p><strong>Ingredientes 100% naturales y nutritivos<\/strong><br \/>\nCon ingredientes como pechuga de pollo (30%), harina de arroz y extracto de vieira, este snack proporciona una fuente de prote\u00ednas de calidad, mientras que los aceites vegetales y minerales aseguran que tu felino reciba los nutrientes que necesita para una vida sana y activa. Adem\u00e1s, los Pur\u00e9s Churu no contienen conservantes ni colorantes artificiales, por lo que puedes estar seguro de que le est\u00e1s ofreciendo a tu gato un snack seguro y saludable.<\/p>\n<p><strong>Textura cremosa y f\u00e1cil de servir<\/strong><br \/>\nLa textura cremosa de estos snacks hace que sean f\u00e1ciles de servir. Puedes abrir un tubo y presionarlo ligeramente para ofrecerlo directamente desde tu mano, creando un momento interactivo y cercano con tu gato. Tambi\u00e9n puedes verter el contenido en un plato o utilizarlo como guarnici\u00f3n sobre su comida seca o h\u00fameda para mejorar el sabor y la experiencia de cada comida.<\/p>\n<p><strong>Alto contenido de humedad para una salud \u00f3ptima<\/strong><br \/>\nCon un 91% de humedad, los Pur\u00e9s Churu ayudan a mantener a tu gato hidratado, lo cual es crucial para la salud renal y general. Es un snack ideal para complementar su dieta diaria sin a\u00f1adir calor\u00edas vac\u00edas, y con el extra de ser una delicia irresistible.<\/p>\n<p>\u00a1Haz que los momentos de snack sean especiales con Pur\u00e9s Churu y compra hoy en Mundotito para consentir a tu felino con lo mejor en sabor y nutrici\u00f3n!<\/p>\n","protected":false},"excerpt":{"rendered":"<p>Los Pur\u00e9s Churu para Gatos son el snack perfecto para consentir a tu felino de manera saludable y deliciosa. Elaborados con aut\u00e9ntico at\u00fan de aguas profundas y pollo de granja, estos snacks cremosos son irresistibles para los gatos, combinando una textura suave con un aroma que cautivar\u00e1 su paladar. Disponibles en las exquisitas variedades de [&hellip;]<\/p>\n","protected":false},"featured_media":14137,"comment_status":"open","ping_status":"closed","template":"","meta":{"inline_featured_image":false},"product_cat":[226],"product_tag":[],"class_list":{"0":"post-15146","1":"product","2":"type-product","3":"status-publish","4":"has-post-thumbnail","6":"product_cat-snack-y-sachet-para-gato","8":"first","9":"outofstock","10":"shipping-taxable","11":"purchasable","12":"product-type-variable"},"tiered_pricing_type":"fixed","tiered_pricing_fixed_rules":[],"tiered_pricing_percentage_rules":[],"tiered_pricing_minimum":1,"tiered_pricing_roles_data":[],"_links":{"self":[{"href":"https:\/\/old.supermichi.cl\/staging\/wp-json\/wp\/v2\/product\/15146","targetHints":{"allow":["GET"]}}],"collection":[{"href":"https:\/\/old.supermichi.cl\/staging\/wp-json\/wp\/v2\/product"}],"about":[{"href":"https:\/\/old.supermichi.cl\/staging\/wp-json\/wp\/v2\/types\/product"}],"replies":[{"embeddable":true,"href":"https:\/\/old.supermichi.cl\/staging\/wp-json\/wp\/v2\/comments?post=15146"}],"version-history":[{"count":1,"href":"https:\/\/old.supermichi.cl\/staging\/wp-json\/wp\/v2\/product\/15146\/revisions"}],"predecessor-version":[{"id":15165,"href":"https:\/\/old.supermichi.cl\/staging\/wp-json\/wp\/v2\/product\/15146\/revisions\/15165"}],"wp:featuredmedia":[{"embeddable":true,"href":"https:\/\/old.supermichi.cl\/staging\/wp-json\/wp\/v2\/media\/14137"}],"wp:attachment":[{"href":"https:\/\/old.supermichi.cl\/staging\/wp-json\/wp\/v2\/media?parent=15146"}],"wp:term":[{"taxonomy":"product_cat","embeddable":true,"href":"https:\/\/old.supermichi.cl\/staging\/wp-json\/wp\/v2\/product_cat?post=15146"},{"taxonomy":"product_tag","embeddable":true,"href":"https:\/\/old.supermichi.cl\/staging\/wp-json\/wp\/v2\/product_tag?post=15146"}],"curies":[{"name":"wp","href":"https:\/\/api.w.org\/{rel}","templated":true}]}}