{"id":15220,"date":"2026-01-17T02:33:29","date_gmt":"2026-01-17T05:33:29","guid":{"rendered":"https:\/\/supermichi.cl\/?post_type=product&#038;p=15220"},"modified":"2026-01-17T02:33:32","modified_gmt":"2026-01-17T05:33:32","slug":"arenero-petegou","status":"publish","type":"product","link":"https:\/\/old.supermichi.cl\/staging\/producto\/arenero-petegou\/","title":{"rendered":"Arenero Petegou"},"content":{"rendered":"<p>Material de alta calidad: La caja de arena para gatos completamente cerrada est\u00e1 hecha de material PP liviano y duradero, respetuoso con el medio ambiente, de alta dureza, sin deformaci\u00f3n y con una superficie lisa que no rayar\u00e1.<\/p>\n<p>Superior desmontable: La bandeja de arena para gatos con tapa, dise\u00f1o de hebilla, la cubierta superior se puede levantar y quitar, y se puede convertir r\u00e1pidamente en una bandeja de arena para gatos, lo que aumenta la circulaci\u00f3n de aire y es conveniente para cambiar la arena y limpiar del interior.<\/p>\n<p>Gran regalo: Las cajas de arena con capucha para gatos son un excelente regalo para familiares, amigos, amantes, etc. que tienen un gato.<br \/>\n\u2022 Especificaci\u00f3n:<br \/>\n\u2022 Material: polipropileno.<\/p>\n","protected":false},"excerpt":{"rendered":"<p>Material de alta calidad: La caja de arena para gatos completamente cerrada est\u00e1 hecha de material PP liviano y duradero, respetuoso con el medio ambiente, de alta dureza, sin deformaci\u00f3n y con una superficie lisa que no rayar\u00e1. Superior desmontable: La bandeja de arena para gatos con tapa, dise\u00f1o de hebilla, la cubierta superior se [&hellip;]<\/p>\n","protected":false},"featured_media":14266,"comment_status":"open","ping_status":"closed","template":"","meta":{"inline_featured_image":false},"product_cat":[209],"product_tag":[],"class_list":{"0":"post-15220","1":"product","2":"type-product","3":"status-publish","4":"has-post-thumbnail","6":"product_cat-gatos","8":"first","9":"outofstock","10":"shipping-taxable","11":"purchasable","12":"product-type-simple"},"tiered_pricing_type":"fixed","tiered_pricing_fixed_rules":[],"tiered_pricing_percentage_rules":[],"tiered_pricing_minimum":1,"tiered_pricing_roles_data":[],"_links":{"self":[{"href":"https:\/\/old.supermichi.cl\/staging\/wp-json\/wp\/v2\/product\/15220","targetHints":{"allow":["GET"]}}],"collection":[{"href":"https:\/\/old.supermichi.cl\/staging\/wp-json\/wp\/v2\/product"}],"about":[{"href":"https:\/\/old.supermichi.cl\/staging\/wp-json\/wp\/v2\/types\/product"}],"replies":[{"embeddable":true,"href":"https:\/\/old.supermichi.cl\/staging\/wp-json\/wp\/v2\/comments?post=15220"}],"version-history":[{"count":1,"href":"https:\/\/old.supermichi.cl\/staging\/wp-json\/wp\/v2\/product\/15220\/revisions"}],"predecessor-version":[{"id":15244,"href":"https:\/\/old.supermichi.cl\/staging\/wp-json\/wp\/v2\/product\/15220\/revisions\/15244"}],"wp:featuredmedia":[{"embeddable":true,"href":"https:\/\/old.supermichi.cl\/staging\/wp-json\/wp\/v2\/media\/14266"}],"wp:attachment":[{"href":"https:\/\/old.supermichi.cl\/staging\/wp-json\/wp\/v2\/media?parent=15220"}],"wp:term":[{"taxonomy":"product_cat","embeddable":true,"href":"https:\/\/old.supermichi.cl\/staging\/wp-json\/wp\/v2\/product_cat?post=15220"},{"taxonomy":"product_tag","embeddable":true,"href":"https:\/\/old.supermichi.cl\/staging\/wp-json\/wp\/v2\/product_tag?post=15220"}],"curies":[{"name":"wp","href":"https:\/\/api.w.org\/{rel}","templated":true}]}}