{"id":15664,"date":"2026-01-22T03:38:01","date_gmt":"2026-01-22T06:38:01","guid":{"rendered":"https:\/\/supermichi.cl\/?post_type=product&#038;p=15664"},"modified":"2026-01-22T03:38:30","modified_gmt":"2026-01-22T06:38:30","slug":"arena-sanitaria-safari-24-kg","status":"publish","type":"product","link":"https:\/\/old.supermichi.cl\/staging\/producto\/arena-sanitaria-safari-24-kg\/","title":{"rendered":"Arena Sanitaria Safari 24 Kg"},"content":{"rendered":"<p>La Arena Sanitaria Safari es la soluci\u00f3n perfecta para mantener un ambiente fresco y libre de malos olores en el hogar.<\/p>\n<p>Con un aroma a lavanda y un control superior de los olores, esta arena sanitaria te permitir\u00e1 disfrutar de un hogar m\u00e1s agradable.<\/p>\n<p>Hecha de Bentonita, una arcilla natural con una alta capacidad de absorci\u00f3n, esta arena es capaz de aglutinar y contener las fecas y orina de tu gato sin desperdicio de material. Adem\u00e1s, su composici\u00f3n a base de Bentonita natural hace sentir a tu gato en su entorno natural.<\/p>\n<p>La poca generaci\u00f3n de polvo y desechos asegura que se quede dentro del arenero de tu mascota, sin causar molestias en el hogar.<\/p>\n<p>Con un formato pr\u00e1ctico de 4 sacos de 8Kg cada uno (24 Kg en total), la Arena Sanitaria Safari es la elecci\u00f3n perfecta para mantener un ambiente agradable para ti y tu gato.<\/p>\n","protected":false},"excerpt":{"rendered":"<p>La Arena Sanitaria Safari es la soluci\u00f3n perfecta para mantener un ambiente fresco y libre de malos olores en el hogar. Con un aroma a lavanda y un control superior de los olores, esta arena sanitaria te permitir\u00e1 disfrutar de un hogar m\u00e1s agradable. Hecha de Bentonita, una arcilla natural con una alta capacidad de [&hellip;]<\/p>\n","protected":false},"featured_media":15694,"comment_status":"open","ping_status":"closed","template":"","meta":{"inline_featured_image":false},"product_cat":[210],"product_tag":[],"class_list":{"0":"post-15664","1":"product","2":"type-product","3":"status-publish","4":"has-post-thumbnail","6":"product_cat-arena-sanitaria","7":"product_shipping_class-arena-sanitaria","9":"first","10":"instock","11":"shipping-taxable","12":"purchasable","13":"product-type-variable"},"tiered_pricing_type":"fixed","tiered_pricing_fixed_rules":[],"tiered_pricing_percentage_rules":[],"tiered_pricing_minimum":1,"tiered_pricing_roles_data":[],"_links":{"self":[{"href":"https:\/\/old.supermichi.cl\/staging\/wp-json\/wp\/v2\/product\/15664","targetHints":{"allow":["GET"]}}],"collection":[{"href":"https:\/\/old.supermichi.cl\/staging\/wp-json\/wp\/v2\/product"}],"about":[{"href":"https:\/\/old.supermichi.cl\/staging\/wp-json\/wp\/v2\/types\/product"}],"replies":[{"embeddable":true,"href":"https:\/\/old.supermichi.cl\/staging\/wp-json\/wp\/v2\/comments?post=15664"}],"version-history":[{"count":1,"href":"https:\/\/old.supermichi.cl\/staging\/wp-json\/wp\/v2\/product\/15664\/revisions"}],"predecessor-version":[{"id":15695,"href":"https:\/\/old.supermichi.cl\/staging\/wp-json\/wp\/v2\/product\/15664\/revisions\/15695"}],"wp:featuredmedia":[{"embeddable":true,"href":"https:\/\/old.supermichi.cl\/staging\/wp-json\/wp\/v2\/media\/15694"}],"wp:attachment":[{"href":"https:\/\/old.supermichi.cl\/staging\/wp-json\/wp\/v2\/media?parent=15664"}],"wp:term":[{"taxonomy":"product_cat","embeddable":true,"href":"https:\/\/old.supermichi.cl\/staging\/wp-json\/wp\/v2\/product_cat?post=15664"},{"taxonomy":"product_tag","embeddable":true,"href":"https:\/\/old.supermichi.cl\/staging\/wp-json\/wp\/v2\/product_tag?post=15664"}],"curies":[{"name":"wp","href":"https:\/\/api.w.org\/{rel}","templated":true}]}}