{"id":15671,"date":"2026-01-22T03:38:02","date_gmt":"2026-01-22T06:38:02","guid":{"rendered":"https:\/\/supermichi.cl\/?post_type=product&#038;p=15671"},"modified":"2026-01-22T03:38:35","modified_gmt":"2026-01-22T06:38:35","slug":"arena-sanitaria-minino-20-kg","status":"publish","type":"product","link":"https:\/\/old.supermichi.cl\/staging\/producto\/arena-sanitaria-minino-20-kg\/","title":{"rendered":"Arena Sanitaria Minino 20 Kg"},"content":{"rendered":"<ul>\n<li><strong>\u00a0Arena de Bentonita<\/strong>: Esta es una arena sanitaria hecha completamente de Bentonita, una piedra granulada con una capacidad de absorci\u00f3n de hasta un 350%. Esta caracter\u00edstica permite que, al entrar en contacto con un l\u00edquido, se aglutine fuertemente, facilitando as\u00ed la limpieza y atrapando los malos olores. Se puede encontrar en formatos de 20 y 10 kg.<\/li>\n<\/ul>\n<p><strong>Arena de Calidad Premium<\/strong>: Esta arena, adem\u00e1s de contar con las propiedades de la Bentonita, est\u00e1 enriquecida con zeolita, que aumenta su capacidad de absorci\u00f3n, y carb\u00f3n activado, un eficaz desodorizante conocido por su habilidad para retener olores.<\/p>\n","protected":false},"excerpt":{"rendered":"<p>\u00a0Arena de Bentonita: Esta es una arena sanitaria hecha completamente de Bentonita, una piedra granulada con una capacidad de absorci\u00f3n de hasta un 350%. Esta caracter\u00edstica permite que, al entrar en contacto con un l\u00edquido, se aglutine fuertemente, facilitando as\u00ed la limpieza y atrapando los malos olores. Se puede encontrar en formatos de 20 y [&hellip;]<\/p>\n","protected":false},"featured_media":15706,"comment_status":"open","ping_status":"closed","template":"","meta":{"inline_featured_image":false},"product_cat":[210],"product_tag":[],"class_list":{"0":"post-15671","1":"product","2":"type-product","3":"status-publish","4":"has-post-thumbnail","6":"product_cat-arena-sanitaria","7":"product_shipping_class-arena-sanitaria","9":"first","10":"instock","11":"shipping-taxable","12":"purchasable","13":"product-type-variable"},"tiered_pricing_type":"fixed","tiered_pricing_fixed_rules":[],"tiered_pricing_percentage_rules":[],"tiered_pricing_minimum":1,"tiered_pricing_roles_data":[],"_links":{"self":[{"href":"https:\/\/old.supermichi.cl\/staging\/wp-json\/wp\/v2\/product\/15671","targetHints":{"allow":["GET"]}}],"collection":[{"href":"https:\/\/old.supermichi.cl\/staging\/wp-json\/wp\/v2\/product"}],"about":[{"href":"https:\/\/old.supermichi.cl\/staging\/wp-json\/wp\/v2\/types\/product"}],"replies":[{"embeddable":true,"href":"https:\/\/old.supermichi.cl\/staging\/wp-json\/wp\/v2\/comments?post=15671"}],"version-history":[{"count":1,"href":"https:\/\/old.supermichi.cl\/staging\/wp-json\/wp\/v2\/product\/15671\/revisions"}],"predecessor-version":[{"id":15707,"href":"https:\/\/old.supermichi.cl\/staging\/wp-json\/wp\/v2\/product\/15671\/revisions\/15707"}],"wp:featuredmedia":[{"embeddable":true,"href":"https:\/\/old.supermichi.cl\/staging\/wp-json\/wp\/v2\/media\/15706"}],"wp:attachment":[{"href":"https:\/\/old.supermichi.cl\/staging\/wp-json\/wp\/v2\/media?parent=15671"}],"wp:term":[{"taxonomy":"product_cat","embeddable":true,"href":"https:\/\/old.supermichi.cl\/staging\/wp-json\/wp\/v2\/product_cat?post=15671"},{"taxonomy":"product_tag","embeddable":true,"href":"https:\/\/old.supermichi.cl\/staging\/wp-json\/wp\/v2\/product_tag?post=15671"}],"curies":[{"name":"wp","href":"https:\/\/api.w.org\/{rel}","templated":true}]}}