{"id":15676,"date":"2026-01-22T03:38:02","date_gmt":"2026-01-22T06:38:02","guid":{"rendered":"https:\/\/supermichi.cl\/?post_type=product&#038;p=15676"},"modified":"2026-01-22T03:38:41","modified_gmt":"2026-01-22T06:38:41","slug":"arena-sanitaria-hey-20kg","status":"publish","type":"product","link":"https:\/\/old.supermichi.cl\/staging\/producto\/arena-sanitaria-hey-20kg\/","title":{"rendered":"Arena Sanitaria Hey! 20Kg"},"content":{"rendered":"<p data-start=\"134\" data-end=\"445\">\u00bfBuscas una arena que rinda, huela bien y no deje desastres? \ud83d\udc3e<br data-start=\"197\" data-end=\"200\" \/><strong data-start=\"200\" data-end=\"214\">Arena Hey!<\/strong> lleg\u00f3 con todo: <strong data-start=\"231\" data-end=\"249\">lavanda fresca<\/strong>, <strong data-start=\"251\" data-end=\"274\">aglutinaci\u00f3n r\u00e1pida<\/strong> y una textura que a los gatos les encanta.<br data-start=\"317\" data-end=\"320\" \/>Su <strong data-start=\"323\" data-end=\"343\">formato de 20 kg<\/strong> es ideal para que no te quedes sin arena a mitad de semana. Apta para todo tipo de gatos y bolsillos.<\/p>\n<p data-start=\"447\" data-end=\"556\">\u2705 Aroma Lavanda<br data-start=\"462\" data-end=\"465\" \/>\u2705 100% Bentonita natural<br data-start=\"489\" data-end=\"492\" \/>\u2705 S\u00faper aglutinante<br data-start=\"511\" data-end=\"514\" \/>\u2705 Poco rastreo<br data-start=\"528\" data-end=\"531\" \/>\u2705 Presentaci\u00f3n XL (20 kg)<\/p>\n<p data-start=\"558\" data-end=\"599\">\u00a1Una arena que cumple\u2026 sin drama ni olor!<\/p>\n","protected":false},"excerpt":{"rendered":"<p>\u00bfBuscas una arena que rinda, huela bien y no deje desastres? \ud83d\udc3eArena Hey! lleg\u00f3 con todo: lavanda fresca, aglutinaci\u00f3n r\u00e1pida y una textura que a los gatos les encanta.Su formato de 20 kg es ideal para que no te quedes sin arena a mitad de semana. Apta para todo tipo de gatos y bolsillos. \u2705 [&hellip;]<\/p>\n","protected":false},"featured_media":15716,"comment_status":"open","ping_status":"closed","template":"","meta":{"inline_featured_image":false},"product_cat":[210],"product_tag":[],"class_list":{"0":"post-15676","1":"product","2":"type-product","3":"status-publish","4":"has-post-thumbnail","6":"product_cat-arena-sanitaria","8":"first","9":"instock","10":"shipping-taxable","11":"purchasable","12":"product-type-variable","13":"has-default-attributes"},"tiered_pricing_type":"fixed","tiered_pricing_fixed_rules":[],"tiered_pricing_percentage_rules":[],"tiered_pricing_minimum":1,"tiered_pricing_roles_data":[],"_links":{"self":[{"href":"https:\/\/old.supermichi.cl\/staging\/wp-json\/wp\/v2\/product\/15676","targetHints":{"allow":["GET"]}}],"collection":[{"href":"https:\/\/old.supermichi.cl\/staging\/wp-json\/wp\/v2\/product"}],"about":[{"href":"https:\/\/old.supermichi.cl\/staging\/wp-json\/wp\/v2\/types\/product"}],"replies":[{"embeddable":true,"href":"https:\/\/old.supermichi.cl\/staging\/wp-json\/wp\/v2\/comments?post=15676"}],"version-history":[{"count":1,"href":"https:\/\/old.supermichi.cl\/staging\/wp-json\/wp\/v2\/product\/15676\/revisions"}],"predecessor-version":[{"id":15717,"href":"https:\/\/old.supermichi.cl\/staging\/wp-json\/wp\/v2\/product\/15676\/revisions\/15717"}],"wp:featuredmedia":[{"embeddable":true,"href":"https:\/\/old.supermichi.cl\/staging\/wp-json\/wp\/v2\/media\/15716"}],"wp:attachment":[{"href":"https:\/\/old.supermichi.cl\/staging\/wp-json\/wp\/v2\/media?parent=15676"}],"wp:term":[{"taxonomy":"product_cat","embeddable":true,"href":"https:\/\/old.supermichi.cl\/staging\/wp-json\/wp\/v2\/product_cat?post=15676"},{"taxonomy":"product_tag","embeddable":true,"href":"https:\/\/old.supermichi.cl\/staging\/wp-json\/wp\/v2\/product_tag?post=15676"}],"curies":[{"name":"wp","href":"https:\/\/api.w.org\/{rel}","templated":true}]}}