{"id":15680,"date":"2026-01-22T03:38:02","date_gmt":"2026-01-22T06:38:02","guid":{"rendered":"https:\/\/supermichi.cl\/?post_type=product&#038;p=15680"},"modified":"2026-01-22T03:38:44","modified_gmt":"2026-01-22T06:38:44","slug":"arena-sanitaria-minino-cristal","status":"publish","type":"product","link":"https:\/\/old.supermichi.cl\/staging\/producto\/arena-sanitaria-minino-cristal\/","title":{"rendered":"Arena Sanitaria Minino Cristal"},"content":{"rendered":"<p>La arena sanitaria MININO CRISTAL\u00a0es biodegradable, no t\u00f3xico, y ambientalmente amigable.<\/p>\n<ul>\n<li>SIN ADHERENCIA Y LIBRE DE POLVO.<\/li>\n<li>Gracias a su tama\u00f1o y forma la arena\u00a0 MININO CRISTAL, no se adhiere a las patas y pelaje de su gato, no genera polvo que irrite sus ojos y nariz.<\/li>\n<li>ALTA ABSORCI\u00d3N Y CONTROL DE OLOR.<\/li>\n<li>Los millones de microsc\u00f3picos poros en casa uno de los granos, absorbe r\u00e1pidamente los l\u00edquidos como una esponja.<\/li>\n<li>El olor y las impurezas son atrapadas. No m\u00e1s bolas de arcilla y orina.<\/li>\n<li>La arena MININO CRISTAL mantiene su aire y su hogar frescos y limpios.<\/li>\n<\/ul>\n","protected":false},"excerpt":{"rendered":"<p>4 SACOS DE 3.8 LTS C\/U, LAVANDA.<\/p>\n<ul>\n<li>MASPET SAFARI presenta MININO CRISTAl, su arena sanitaria de silical gel. Los microporos de los micro-poros de los cristales absorben la orina de su gato, atrapando y encapsulando de forma autom\u00e1tica los malos olores.<\/li>\n<li>MININO CRISTAl,\u00a0de 3.8L est\u00e1 dise\u00f1ada para rendir 30 d\u00edas con un m\u00ednimo de mantenci\u00f3n.<\/li>\n<\/ul>\n","protected":false},"featured_media":15740,"comment_status":"closed","ping_status":"closed","template":"","meta":{"inline_featured_image":false},"product_cat":[210],"product_tag":[],"class_list":{"0":"post-15680","1":"product","2":"type-product","3":"status-publish","4":"has-post-thumbnail","6":"product_cat-arena-sanitaria","7":"product_shipping_class-arena-sanitaria","9":"first","10":"instock","11":"shipping-taxable","12":"purchasable","13":"product-type-variable"},"tiered_pricing_type":"fixed","tiered_pricing_fixed_rules":[],"tiered_pricing_percentage_rules":[],"tiered_pricing_minimum":1,"tiered_pricing_roles_data":[],"_links":{"self":[{"href":"https:\/\/old.supermichi.cl\/staging\/wp-json\/wp\/v2\/product\/15680","targetHints":{"allow":["GET"]}}],"collection":[{"href":"https:\/\/old.supermichi.cl\/staging\/wp-json\/wp\/v2\/product"}],"about":[{"href":"https:\/\/old.supermichi.cl\/staging\/wp-json\/wp\/v2\/types\/product"}],"replies":[{"embeddable":true,"href":"https:\/\/old.supermichi.cl\/staging\/wp-json\/wp\/v2\/comments?post=15680"}],"version-history":[{"count":1,"href":"https:\/\/old.supermichi.cl\/staging\/wp-json\/wp\/v2\/product\/15680\/revisions"}],"predecessor-version":[{"id":15741,"href":"https:\/\/old.supermichi.cl\/staging\/wp-json\/wp\/v2\/product\/15680\/revisions\/15741"}],"wp:featuredmedia":[{"embeddable":true,"href":"https:\/\/old.supermichi.cl\/staging\/wp-json\/wp\/v2\/media\/15740"}],"wp:attachment":[{"href":"https:\/\/old.supermichi.cl\/staging\/wp-json\/wp\/v2\/media?parent=15680"}],"wp:term":[{"taxonomy":"product_cat","embeddable":true,"href":"https:\/\/old.supermichi.cl\/staging\/wp-json\/wp\/v2\/product_cat?post=15680"},{"taxonomy":"product_tag","embeddable":true,"href":"https:\/\/old.supermichi.cl\/staging\/wp-json\/wp\/v2\/product_tag?post=15680"}],"curies":[{"name":"wp","href":"https:\/\/api.w.org\/{rel}","templated":true}]}}