{"id":15816,"date":"2026-01-22T15:57:34","date_gmt":"2026-01-22T18:57:34","guid":{"rendered":"https:\/\/supermichi.cl\/?post_type=product&#038;p=15816"},"modified":"2026-02-16T13:39:15","modified_gmt":"2026-02-16T16:39:15","slug":"alimento-nomade","status":"publish","type":"product","link":"https:\/\/old.supermichi.cl\/staging\/producto\/alimento-nomade\/","title":{"rendered":"Alimento N\u00f3made"},"content":{"rendered":"<p>Descubre N\u00f3made Alimento para Gatos Adultos, formulado por expertos en nutrici\u00f3n animal para asegurar que tu gato reciba lo mejor. Este alimento premium supera los est\u00e1ndares nutricionales, proporcionando una dieta equilibrada que promueve una vida plena y activa. Con pulpa de remolacha para facilitar la eliminaci\u00f3n de pelos y mantener la salud intestinal, N\u00f3made tambi\u00e9n incluye Omega 3 y 6 para un pelaje brillante y saludable, adem\u00e1s de fortalecer el sistema inmune con MOS y XPC. Este alimento reduce el riesgo de c\u00e1lculos urinarios y promueve el buen funcionamiento del coraz\u00f3n, h\u00edgado y vista gracias a su contenido en Taurina. Adem\u00e1s, el HMF contribuye a unas enc\u00edas y dientes m\u00e1s sanos, asegurando una salud dental \u00f3ptima.<br \/>\n\u00a1Ofrece a tu gato lo mejor con N\u00f3made y disfruta de verlo feliz y saludable! Escoge entre nuestras opciones en diferentes formatos y sabores para adaptarse al gusto y necesidades de tu felino.<br \/>\n[Obt\u00e9n lo mejor para tu gato hoy mismo con N\u00f3made, y haz que cada comida cuente].<\/p>\n","protected":false},"excerpt":{"rendered":"<p>Descubre N\u00f3made Alimento para Gatos Adultos, formulado por expertos en nutrici\u00f3n animal para asegurar que tu gato reciba lo mejor. Este alimento premium supera los est\u00e1ndares nutricionales, proporcionando una dieta equilibrada que promueve una vida plena y activa. Con pulpa de remolacha para facilitar la eliminaci\u00f3n de pelos y mantener la salud intestinal, N\u00f3made tambi\u00e9n [&hellip;]<\/p>\n","protected":false},"featured_media":15847,"comment_status":"open","ping_status":"closed","template":"","meta":{"inline_featured_image":false},"product_cat":[212],"product_tag":[],"class_list":{"0":"post-15816","1":"product","2":"type-product","3":"status-publish","4":"has-post-thumbnail","6":"product_cat-alimento-para-gato","7":"product_shipping_class-alimento","9":"first","10":"instock","11":"shipping-taxable","12":"purchasable","13":"product-type-variable"},"tiered_pricing_type":"fixed","tiered_pricing_fixed_rules":[],"tiered_pricing_percentage_rules":[],"tiered_pricing_minimum":1,"tiered_pricing_roles_data":[],"_links":{"self":[{"href":"https:\/\/old.supermichi.cl\/staging\/wp-json\/wp\/v2\/product\/15816","targetHints":{"allow":["GET"]}}],"collection":[{"href":"https:\/\/old.supermichi.cl\/staging\/wp-json\/wp\/v2\/product"}],"about":[{"href":"https:\/\/old.supermichi.cl\/staging\/wp-json\/wp\/v2\/types\/product"}],"replies":[{"embeddable":true,"href":"https:\/\/old.supermichi.cl\/staging\/wp-json\/wp\/v2\/comments?post=15816"}],"version-history":[{"count":1,"href":"https:\/\/old.supermichi.cl\/staging\/wp-json\/wp\/v2\/product\/15816\/revisions"}],"predecessor-version":[{"id":15848,"href":"https:\/\/old.supermichi.cl\/staging\/wp-json\/wp\/v2\/product\/15816\/revisions\/15848"}],"wp:featuredmedia":[{"embeddable":true,"href":"https:\/\/old.supermichi.cl\/staging\/wp-json\/wp\/v2\/media\/15847"}],"wp:attachment":[{"href":"https:\/\/old.supermichi.cl\/staging\/wp-json\/wp\/v2\/media?parent=15816"}],"wp:term":[{"taxonomy":"product_cat","embeddable":true,"href":"https:\/\/old.supermichi.cl\/staging\/wp-json\/wp\/v2\/product_cat?post=15816"},{"taxonomy":"product_tag","embeddable":true,"href":"https:\/\/old.supermichi.cl\/staging\/wp-json\/wp\/v2\/product_tag?post=15816"}],"curies":[{"name":"wp","href":"https:\/\/api.w.org\/{rel}","templated":true}]}}