{"id":15820,"date":"2026-01-22T15:57:35","date_gmt":"2026-01-22T18:57:35","guid":{"rendered":"https:\/\/supermichi.cl\/?post_type=product&#038;p=15820"},"modified":"2026-01-22T15:57:56","modified_gmt":"2026-01-22T18:57:56","slug":"alimento-felix-megamix-gatitos-8kg","status":"publish","type":"product","link":"https:\/\/old.supermichi.cl\/staging\/producto\/alimento-felix-megamix-gatitos-8kg\/","title":{"rendered":"Alimento Felix Megamix Gatitos 8Kg"},"content":{"rendered":"<p>\u00a1Dale a tu gato lo mejor con <strong>FELIX\u00a0 Megamix Gatitos 8kg<\/strong>! \ud83d\udc3e Con una <strong>irresistible combinaci\u00f3n de 8 prote\u00ednas<\/strong>, cada bocado es una nueva aventura de sabor para tu felino. \ud83d\udca5 Adem\u00e1s, est\u00e1 formulado con <strong>vitaminas, minerales esenciales y Omega 6<\/strong> para un pelaje brillante, piel saludable y energ\u00eda infinita. \u00a1Nutrici\u00f3n completa y un fest\u00edn delicioso todos los d\u00edas! \ud83d\udc31\u2728<\/p>\n","protected":false},"excerpt":{"rendered":"<p>\u00a1Dale a tu gato lo mejor con FELIX\u00a0 Megamix Gatitos 8kg! \ud83d\udc3e Con una irresistible combinaci\u00f3n de 8 prote\u00ednas, cada bocado es una nueva aventura de sabor para tu felino. \ud83d\udca5 Adem\u00e1s, est\u00e1 formulado con vitaminas, minerales esenciales y Omega 6 para un pelaje brillante, piel saludable y energ\u00eda infinita. \u00a1Nutrici\u00f3n completa y un fest\u00edn [&hellip;]<\/p>\n","protected":false},"featured_media":15855,"comment_status":"open","ping_status":"closed","template":"","meta":{"inline_featured_image":false},"product_cat":[212],"product_tag":[],"class_list":{"0":"post-15820","1":"product","2":"type-product","3":"status-publish","4":"has-post-thumbnail","6":"product_cat-alimento-para-gato","8":"first","9":"instock","10":"shipping-taxable","11":"purchasable","12":"product-type-variable"},"tiered_pricing_type":"fixed","tiered_pricing_fixed_rules":[],"tiered_pricing_percentage_rules":[],"tiered_pricing_minimum":1,"tiered_pricing_roles_data":[],"_links":{"self":[{"href":"https:\/\/old.supermichi.cl\/staging\/wp-json\/wp\/v2\/product\/15820","targetHints":{"allow":["GET"]}}],"collection":[{"href":"https:\/\/old.supermichi.cl\/staging\/wp-json\/wp\/v2\/product"}],"about":[{"href":"https:\/\/old.supermichi.cl\/staging\/wp-json\/wp\/v2\/types\/product"}],"replies":[{"embeddable":true,"href":"https:\/\/old.supermichi.cl\/staging\/wp-json\/wp\/v2\/comments?post=15820"}],"version-history":[{"count":1,"href":"https:\/\/old.supermichi.cl\/staging\/wp-json\/wp\/v2\/product\/15820\/revisions"}],"predecessor-version":[{"id":15856,"href":"https:\/\/old.supermichi.cl\/staging\/wp-json\/wp\/v2\/product\/15820\/revisions\/15856"}],"wp:featuredmedia":[{"embeddable":true,"href":"https:\/\/old.supermichi.cl\/staging\/wp-json\/wp\/v2\/media\/15855"}],"wp:attachment":[{"href":"https:\/\/old.supermichi.cl\/staging\/wp-json\/wp\/v2\/media?parent=15820"}],"wp:term":[{"taxonomy":"product_cat","embeddable":true,"href":"https:\/\/old.supermichi.cl\/staging\/wp-json\/wp\/v2\/product_cat?post=15820"},{"taxonomy":"product_tag","embeddable":true,"href":"https:\/\/old.supermichi.cl\/staging\/wp-json\/wp\/v2\/product_tag?post=15820"}],"curies":[{"name":"wp","href":"https:\/\/api.w.org\/{rel}","templated":true}]}}