{"id":15876,"date":"2026-01-22T16:07:06","date_gmt":"2026-01-22T19:07:06","guid":{"rendered":"https:\/\/supermichi.cl\/?post_type=product&#038;p=15876"},"modified":"2026-01-22T16:07:35","modified_gmt":"2026-01-22T19:07:35","slug":"alimento-dog-chow-adulto-raza-mediana-y-grande-165-kg","status":"publish","type":"product","link":"https:\/\/old.supermichi.cl\/staging\/producto\/alimento-dog-chow-adulto-raza-mediana-y-grande-165-kg\/","title":{"rendered":"Alimento Dog Chow Adulto raza mediana y grande 16,5 Kg"},"content":{"rendered":"<p data-start=\"144\" data-end=\"409\">Alimento completo y balanceado especialmente formulado para perros adultos de razas medianas y grandes. Con prote\u00ednas de alta calidad provenientes de carne y pollo, este alimento ayuda a mantener m\u00fasculos fuertes, un sistema inmune saludable y una digesti\u00f3n \u00f3ptima.<\/p>\n<p data-start=\"411\" data-end=\"432\"><strong data-start=\"411\" data-end=\"432\">Beneficios clave:<\/strong><\/p>\n<ul data-start=\"433\" data-end=\"799\">\n<li data-start=\"433\" data-end=\"524\">\n<p data-start=\"435\" data-end=\"524\">\u2705 <strong data-start=\"437\" data-end=\"458\">Con carne y pollo<\/strong> como fuentes de prote\u00edna para una nutrici\u00f3n sabrosa y completa.<\/p>\n<\/li>\n<li data-start=\"525\" data-end=\"620\">\n<p data-start=\"527\" data-end=\"620\">\u2705 <strong data-start=\"529\" data-end=\"565\">Vitaminas y minerales esenciales<\/strong> que fortalecen defensas y promueven una vida activa.<\/p>\n<\/li>\n<li data-start=\"621\" data-end=\"705\">\n<p data-start=\"623\" data-end=\"705\">\u2705 <strong data-start=\"625\" data-end=\"645\">Fibras naturales<\/strong> para una mejor absorci\u00f3n de nutrientes y salud digestiva.<\/p>\n<\/li>\n<li data-start=\"706\" data-end=\"799\">\n<p data-start=\"708\" data-end=\"799\">\u2705 <strong data-start=\"710\" data-end=\"753\">Croquetas adaptadas al tama\u00f1o del perro<\/strong>, facilitando su masticaci\u00f3n y consumo diario.<\/p>\n<\/li>\n<\/ul>\n<p data-start=\"801\" data-end=\"884\">Ideal para acompa\u00f1ar su d\u00eda a d\u00eda con energ\u00eda, vitalidad y una nutrici\u00f3n confiable.<\/p>\n","protected":false},"excerpt":{"rendered":"<p>Alimento completo y balanceado especialmente formulado para perros adultos de razas medianas y grandes. Con prote\u00ednas de alta calidad provenientes de carne y pollo, este alimento ayuda a mantener m\u00fasculos fuertes, un sistema inmune saludable y una digesti\u00f3n \u00f3ptima. Beneficios clave: \u2705 Con carne y pollo como fuentes de prote\u00edna para una nutrici\u00f3n sabrosa y [&hellip;]<\/p>\n","protected":false},"featured_media":15906,"comment_status":"open","ping_status":"closed","template":"","meta":{"inline_featured_image":false},"product_cat":[228],"product_tag":[],"class_list":{"0":"post-15876","1":"product","2":"type-product","3":"status-publish","4":"has-post-thumbnail","6":"product_cat-alimento-para-perro","8":"first","9":"instock","10":"shipping-taxable","11":"purchasable","12":"product-type-variable"},"tiered_pricing_type":"fixed","tiered_pricing_fixed_rules":[],"tiered_pricing_percentage_rules":[],"tiered_pricing_minimum":1,"tiered_pricing_roles_data":[],"_links":{"self":[{"href":"https:\/\/old.supermichi.cl\/staging\/wp-json\/wp\/v2\/product\/15876","targetHints":{"allow":["GET"]}}],"collection":[{"href":"https:\/\/old.supermichi.cl\/staging\/wp-json\/wp\/v2\/product"}],"about":[{"href":"https:\/\/old.supermichi.cl\/staging\/wp-json\/wp\/v2\/types\/product"}],"replies":[{"embeddable":true,"href":"https:\/\/old.supermichi.cl\/staging\/wp-json\/wp\/v2\/comments?post=15876"}],"version-history":[{"count":1,"href":"https:\/\/old.supermichi.cl\/staging\/wp-json\/wp\/v2\/product\/15876\/revisions"}],"predecessor-version":[{"id":15907,"href":"https:\/\/old.supermichi.cl\/staging\/wp-json\/wp\/v2\/product\/15876\/revisions\/15907"}],"wp:featuredmedia":[{"embeddable":true,"href":"https:\/\/old.supermichi.cl\/staging\/wp-json\/wp\/v2\/media\/15906"}],"wp:attachment":[{"href":"https:\/\/old.supermichi.cl\/staging\/wp-json\/wp\/v2\/media?parent=15876"}],"wp:term":[{"taxonomy":"product_cat","embeddable":true,"href":"https:\/\/old.supermichi.cl\/staging\/wp-json\/wp\/v2\/product_cat?post=15876"},{"taxonomy":"product_tag","embeddable":true,"href":"https:\/\/old.supermichi.cl\/staging\/wp-json\/wp\/v2\/product_tag?post=15876"}],"curies":[{"name":"wp","href":"https:\/\/api.w.org\/{rel}","templated":true}]}}