{"id":15880,"date":"2026-01-22T16:07:06","date_gmt":"2026-01-22T19:07:06","guid":{"rendered":"https:\/\/supermichi.cl\/?post_type=product&#038;p=15880"},"modified":"2026-01-29T19:30:11","modified_gmt":"2026-01-29T22:30:11","slug":"alimento-fit-formula-razas-pequenas-10-kg","status":"publish","type":"product","link":"https:\/\/old.supermichi.cl\/staging\/producto\/alimento-fit-formula-razas-pequenas-10-kg\/","title":{"rendered":"Alimento Fit Formula razas peque\u00f1as 10 Kg"},"content":{"rendered":"<h3 data-start=\"235\" data-end=\"285\"><strong data-start=\"242\" data-end=\"285\">Fit F\u00f3rmula Adulto Razas Peque\u00f1as 10 kg<\/strong><\/h3>\n<p data-start=\"287\" data-end=\"370\"><strong data-start=\"287\" data-end=\"370\">Nutrici\u00f3n premium dise\u00f1ada especialmente para perros adultos de razas peque\u00f1as.<\/strong><\/p>\n<p data-start=\"372\" data-end=\"710\">Fit F\u00f3rmula Adulto Razas Peque\u00f1as es un alimento completo y balanceado, formulado para perros adultos que pesan menos de 15 kg. Su croqueta de tama\u00f1o reducido facilita la masticaci\u00f3n, mientras su f\u00f3rmula enriquecida con prote\u00ednas de alta calidad, \u00e1cidos grasos esenciales y prebi\u00f3ticos ayuda a mantener una vida activa, saludable y feliz.<\/p>\n<h3 data-start=\"717\" data-end=\"744\">\u2b50 <strong data-start=\"723\" data-end=\"743\">Beneficios clave<\/strong>:<\/h3>\n<ul data-start=\"746\" data-end=\"1138\">\n<li data-start=\"746\" data-end=\"808\">\n<p data-start=\"748\" data-end=\"808\"><strong data-start=\"748\" data-end=\"770\">Croquetas peque\u00f1as<\/strong>: ideales para perros de raza peque\u00f1a.<\/p>\n<\/li>\n<li data-start=\"809\" data-end=\"878\">\n<p data-start=\"811\" data-end=\"878\"><strong data-start=\"811\" data-end=\"838\">Alto contenido proteico<\/strong>: mantiene la masa muscular y vitalidad.<\/p>\n<\/li>\n<li data-start=\"879\" data-end=\"945\">\n<p data-start=\"881\" data-end=\"945\"><strong data-start=\"881\" data-end=\"902\">Omega 3 y 6 + DHA<\/strong>: cuida la piel y deja el pelaje brillante.<\/p>\n<\/li>\n<li data-start=\"946\" data-end=\"1015\">\n<p data-start=\"948\" data-end=\"1015\"><strong data-start=\"948\" data-end=\"979\">Prebi\u00f3ticos naturales (MOS)<\/strong>: promueven una digesti\u00f3n saludable.<\/p>\n<\/li>\n<li data-start=\"1016\" data-end=\"1068\">\n<p data-start=\"1018\" data-end=\"1068\"><strong data-start=\"1018\" data-end=\"1038\">Yucca Schidigera<\/strong>: reduce el olor de las fecas.<\/p>\n<\/li>\n<li data-start=\"1069\" data-end=\"1138\">\n<p data-start=\"1071\" data-end=\"1138\"><strong data-start=\"1071\" data-end=\"1107\">Vitaminas y minerales esenciales<\/strong>: fortalecen el sistema inmune.<\/p>\n<\/li>\n<\/ul>\n","protected":false},"excerpt":{"rendered":"<p>Fit F\u00f3rmula Adulto Razas Peque\u00f1as 10 kg Nutrici\u00f3n premium dise\u00f1ada especialmente para perros adultos de razas peque\u00f1as. Fit F\u00f3rmula Adulto Razas Peque\u00f1as es un alimento completo y balanceado, formulado para perros adultos que pesan menos de 15 kg. Su croqueta de tama\u00f1o reducido facilita la masticaci\u00f3n, mientras su f\u00f3rmula enriquecida con prote\u00ednas de alta calidad, [&hellip;]<\/p>\n","protected":false},"featured_media":15914,"comment_status":"open","ping_status":"closed","template":"","meta":{"inline_featured_image":false},"product_cat":[228],"product_tag":[],"class_list":{"0":"post-15880","1":"product","2":"type-product","3":"status-publish","4":"has-post-thumbnail","6":"product_brand-fit-formula","7":"product_cat-alimento-para-perro","9":"first","10":"outofstock","11":"shipping-taxable","12":"purchasable","13":"product-type-variable"},"tiered_pricing_type":"fixed","tiered_pricing_fixed_rules":[],"tiered_pricing_percentage_rules":[],"tiered_pricing_minimum":1,"tiered_pricing_roles_data":[],"_links":{"self":[{"href":"https:\/\/old.supermichi.cl\/staging\/wp-json\/wp\/v2\/product\/15880","targetHints":{"allow":["GET"]}}],"collection":[{"href":"https:\/\/old.supermichi.cl\/staging\/wp-json\/wp\/v2\/product"}],"about":[{"href":"https:\/\/old.supermichi.cl\/staging\/wp-json\/wp\/v2\/types\/product"}],"replies":[{"embeddable":true,"href":"https:\/\/old.supermichi.cl\/staging\/wp-json\/wp\/v2\/comments?post=15880"}],"version-history":[{"count":1,"href":"https:\/\/old.supermichi.cl\/staging\/wp-json\/wp\/v2\/product\/15880\/revisions"}],"predecessor-version":[{"id":15915,"href":"https:\/\/old.supermichi.cl\/staging\/wp-json\/wp\/v2\/product\/15880\/revisions\/15915"}],"wp:featuredmedia":[{"embeddable":true,"href":"https:\/\/old.supermichi.cl\/staging\/wp-json\/wp\/v2\/media\/15914"}],"wp:attachment":[{"href":"https:\/\/old.supermichi.cl\/staging\/wp-json\/wp\/v2\/media?parent=15880"}],"wp:term":[{"taxonomy":"product_cat","embeddable":true,"href":"https:\/\/old.supermichi.cl\/staging\/wp-json\/wp\/v2\/product_cat?post=15880"},{"taxonomy":"product_tag","embeddable":true,"href":"https:\/\/old.supermichi.cl\/staging\/wp-json\/wp\/v2\/product_tag?post=15880"}],"curies":[{"name":"wp","href":"https:\/\/api.w.org\/{rel}","templated":true}]}}