{"id":15881,"date":"2026-01-22T16:07:06","date_gmt":"2026-01-22T19:07:06","guid":{"rendered":"https:\/\/supermichi.cl\/?post_type=product&#038;p=15881"},"modified":"2026-01-22T16:07:36","modified_gmt":"2026-01-22T19:07:36","slug":"alimento-fit-formula-adulto-20-kg","status":"publish","type":"product","link":"https:\/\/old.supermichi.cl\/staging\/producto\/alimento-fit-formula-adulto-20-kg\/","title":{"rendered":"Alimento Fit formula adulto 20 Kg"},"content":{"rendered":"<h3 data-start=\"193\" data-end=\"228\"><strong data-start=\"200\" data-end=\"228\">Fit F\u00f3rmula Adulto 20 kg<\/strong><\/h3>\n<p data-start=\"230\" data-end=\"305\"><strong data-start=\"230\" data-end=\"305\">Nutrici\u00f3n completa y balanceada para perros adultos de todas las razas.<\/strong><\/p>\n<p data-start=\"307\" data-end=\"595\">Fit F\u00f3rmula Adulto es un alimento premium desarrollado para mantener la salud y vitalidad de perros adultos. Su f\u00f3rmula est\u00e1 enriquecida con prote\u00ednas de alta calidad, \u00e1cidos grasos esenciales, prebi\u00f3ticos y extractos naturales que promueven una digesti\u00f3n saludable y un pelaje brillante.<\/p>\n<h3 data-start=\"602\" data-end=\"629\">\u2b50 <strong data-start=\"608\" data-end=\"628\">Beneficios clave<\/strong>:<\/h3>\n<ul data-start=\"631\" data-end=\"984\">\n<li data-start=\"631\" data-end=\"706\">\n<p data-start=\"633\" data-end=\"706\"><strong data-start=\"633\" data-end=\"661\">Prote\u00edna de alta calidad<\/strong>: mantiene la masa muscular y energ\u00eda diaria.<\/p>\n<\/li>\n<li data-start=\"707\" data-end=\"770\">\n<p data-start=\"709\" data-end=\"770\"><strong data-start=\"709\" data-end=\"730\">Omega 3 y 6 + DHA<\/strong>: favorece piel sana y pelaje brillante.<\/p>\n<\/li>\n<li data-start=\"771\" data-end=\"855\">\n<p data-start=\"773\" data-end=\"855\"><strong data-start=\"773\" data-end=\"794\">Prebi\u00f3ticos (MOS)<\/strong>: mejoran la flora intestinal y fortalecen el sistema inmune.<\/p>\n<\/li>\n<li data-start=\"856\" data-end=\"908\">\n<p data-start=\"858\" data-end=\"908\"><strong data-start=\"858\" data-end=\"878\">Yucca Schidigera<\/strong>: reduce el olor de las heces.<\/p>\n<\/li>\n<li data-start=\"909\" data-end=\"984\">\n<p data-start=\"911\" data-end=\"984\"><strong data-start=\"911\" data-end=\"936\">Vitaminas y minerales<\/strong>: esenciales para una vida activa y equilibrada.<\/p>\n<\/li>\n<\/ul>\n","protected":false},"excerpt":{"rendered":"<p>Fit F\u00f3rmula Adulto 20 kg Nutrici\u00f3n completa y balanceada para perros adultos de todas las razas. Fit F\u00f3rmula Adulto es un alimento premium desarrollado para mantener la salud y vitalidad de perros adultos. Su f\u00f3rmula est\u00e1 enriquecida con prote\u00ednas de alta calidad, \u00e1cidos grasos esenciales, prebi\u00f3ticos y extractos naturales que promueven una digesti\u00f3n saludable y [&hellip;]<\/p>\n","protected":false},"featured_media":15916,"comment_status":"open","ping_status":"closed","template":"","meta":{"inline_featured_image":false},"product_cat":[228],"product_tag":[],"class_list":{"0":"post-15881","1":"product","2":"type-product","3":"status-publish","4":"has-post-thumbnail","6":"product_cat-alimento-para-perro","8":"first","9":"instock","10":"shipping-taxable","11":"purchasable","12":"product-type-variable"},"tiered_pricing_type":"fixed","tiered_pricing_fixed_rules":[],"tiered_pricing_percentage_rules":[],"tiered_pricing_minimum":1,"tiered_pricing_roles_data":[],"_links":{"self":[{"href":"https:\/\/old.supermichi.cl\/staging\/wp-json\/wp\/v2\/product\/15881","targetHints":{"allow":["GET"]}}],"collection":[{"href":"https:\/\/old.supermichi.cl\/staging\/wp-json\/wp\/v2\/product"}],"about":[{"href":"https:\/\/old.supermichi.cl\/staging\/wp-json\/wp\/v2\/types\/product"}],"replies":[{"embeddable":true,"href":"https:\/\/old.supermichi.cl\/staging\/wp-json\/wp\/v2\/comments?post=15881"}],"version-history":[{"count":1,"href":"https:\/\/old.supermichi.cl\/staging\/wp-json\/wp\/v2\/product\/15881\/revisions"}],"predecessor-version":[{"id":15917,"href":"https:\/\/old.supermichi.cl\/staging\/wp-json\/wp\/v2\/product\/15881\/revisions\/15917"}],"wp:featuredmedia":[{"embeddable":true,"href":"https:\/\/old.supermichi.cl\/staging\/wp-json\/wp\/v2\/media\/15916"}],"wp:attachment":[{"href":"https:\/\/old.supermichi.cl\/staging\/wp-json\/wp\/v2\/media?parent=15881"}],"wp:term":[{"taxonomy":"product_cat","embeddable":true,"href":"https:\/\/old.supermichi.cl\/staging\/wp-json\/wp\/v2\/product_cat?post=15881"},{"taxonomy":"product_tag","embeddable":true,"href":"https:\/\/old.supermichi.cl\/staging\/wp-json\/wp\/v2\/product_tag?post=15881"}],"curies":[{"name":"wp","href":"https:\/\/api.w.org\/{rel}","templated":true}]}}