{"id":15886,"date":"2026-01-22T16:07:07","date_gmt":"2026-01-22T19:07:07","guid":{"rendered":"https:\/\/supermichi.cl\/?post_type=product&#038;p=15886"},"modified":"2026-01-22T16:07:39","modified_gmt":"2026-01-22T19:07:39","slug":"alimento-noamde-adulto-mediano-y-grande-20-kg","status":"publish","type":"product","link":"https:\/\/old.supermichi.cl\/staging\/producto\/alimento-noamde-adulto-mediano-y-grande-20-kg\/","title":{"rendered":"Alimento Noamde Adulto mediano y grande 20 Kg"},"content":{"rendered":"<p data-start=\"483\" data-end=\"839\">El <strong data-start=\"486\" data-end=\"543\">Alimento N\u00f3made Adulto Razas Medianas y Grandes 20 Kg<\/strong> est\u00e1 formulado para perros adultos que necesitan una nutrici\u00f3n completa, equilibrada y funcional. Su f\u00f3rmula incluye <strong data-start=\"661\" data-end=\"690\">prote\u00ednas de alta calidad<\/strong>, <strong data-start=\"692\" data-end=\"707\">Omega 3 y 6<\/strong> y <strong data-start=\"710\" data-end=\"751\">antioxidantes naturales como el maqui<\/strong>, que ayudan a mantener la vitalidad, fortalecer las defensas y cuidar la piel y pelaje.<\/p>\n<p data-start=\"841\" data-end=\"1050\">Adem\u00e1s, incorpora ingredientes funcionales como <strong data-start=\"889\" data-end=\"919\">MOS y cultivos de levadura<\/strong> que refuerzan el sistema inmune, <strong data-start=\"953\" data-end=\"976\">extracto de quillay<\/strong> para reducir el olor de las heces y <strong data-start=\"1013\" data-end=\"1020\">HMF<\/strong>, que ayuda a la salud dental.<\/p>\n<h4 data-start=\"1052\" data-end=\"1081\">\u2705 Beneficios destacados:<\/h4>\n<ul data-start=\"1082\" data-end=\"1409\">\n<li data-start=\"1082\" data-end=\"1139\">\n<p data-start=\"1084\" data-end=\"1139\">Prote\u00ednas de alta calidad para mantener masa muscular<\/p>\n<\/li>\n<li data-start=\"1140\" data-end=\"1189\">\n<p data-start=\"1142\" data-end=\"1189\">Omega 3 y 6 para piel sana y pelaje brillante<\/p>\n<\/li>\n<li data-start=\"1190\" data-end=\"1259\">\n<p data-start=\"1192\" data-end=\"1259\">Antioxidantes naturales (maqui) con propiedades antiinflamatorias<\/p>\n<\/li>\n<li data-start=\"1260\" data-end=\"1322\">\n<p data-start=\"1262\" data-end=\"1322\">Refuerzo del sistema inmune con MOS y cultivos de levadura<\/p>\n<\/li>\n<li data-start=\"1323\" data-end=\"1370\">\n<p data-start=\"1325\" data-end=\"1370\">Mejora la digesti\u00f3n y reduce olores fecales<\/p>\n<\/li>\n<li data-start=\"1371\" data-end=\"1409\">\n<p data-start=\"1373\" data-end=\"1409\">Favorece enc\u00edas y dientes saludables<\/p>\n<\/li>\n<\/ul>\n<p data-start=\"1411\" data-end=\"1548\">\ud83d\udce6 <strong data-start=\"1414\" data-end=\"1426\">Formato:<\/strong> Saco de 20 Kg<br data-start=\"1440\" data-end=\"1443\" \/>\ud83d\udc15 <strong data-start=\"1446\" data-end=\"1456\">Etapa:<\/strong> Adulto<br data-start=\"1463\" data-end=\"1466\" \/>\ud83d\udc29 <strong data-start=\"1469\" data-end=\"1480\">Tama\u00f1o:<\/strong> Raza mediana y grande<br data-start=\"1502\" data-end=\"1505\" \/>\ud83e\udd69 <strong data-start=\"1508\" data-end=\"1518\">Sabor:<\/strong> Carne<br data-start=\"1524\" data-end=\"1527\" \/>\ud83c\udff7\ufe0f <strong data-start=\"1531\" data-end=\"1541\">Marca:<\/strong> N\u00f3made<\/p>\n","protected":false},"excerpt":{"rendered":"<p>El Alimento N\u00f3made Adulto Razas Medianas y Grandes 20 Kg est\u00e1 formulado para perros adultos que necesitan una nutrici\u00f3n completa, equilibrada y funcional. Su f\u00f3rmula incluye prote\u00ednas de alta calidad, Omega 3 y 6 y antioxidantes naturales como el maqui, que ayudan a mantener la vitalidad, fortalecer las defensas y cuidar la piel y pelaje. [&hellip;]<\/p>\n","protected":false},"featured_media":15926,"comment_status":"open","ping_status":"closed","template":"","meta":{"inline_featured_image":false},"product_cat":[228],"product_tag":[],"class_list":{"0":"post-15886","1":"product","2":"type-product","3":"status-publish","4":"has-post-thumbnail","6":"product_cat-alimento-para-perro","8":"first","9":"outofstock","10":"shipping-taxable","11":"purchasable","12":"product-type-variable"},"tiered_pricing_type":"fixed","tiered_pricing_fixed_rules":[],"tiered_pricing_percentage_rules":[],"tiered_pricing_minimum":1,"tiered_pricing_roles_data":[],"_links":{"self":[{"href":"https:\/\/old.supermichi.cl\/staging\/wp-json\/wp\/v2\/product\/15886","targetHints":{"allow":["GET"]}}],"collection":[{"href":"https:\/\/old.supermichi.cl\/staging\/wp-json\/wp\/v2\/product"}],"about":[{"href":"https:\/\/old.supermichi.cl\/staging\/wp-json\/wp\/v2\/types\/product"}],"replies":[{"embeddable":true,"href":"https:\/\/old.supermichi.cl\/staging\/wp-json\/wp\/v2\/comments?post=15886"}],"version-history":[{"count":1,"href":"https:\/\/old.supermichi.cl\/staging\/wp-json\/wp\/v2\/product\/15886\/revisions"}],"predecessor-version":[{"id":15927,"href":"https:\/\/old.supermichi.cl\/staging\/wp-json\/wp\/v2\/product\/15886\/revisions\/15927"}],"wp:featuredmedia":[{"embeddable":true,"href":"https:\/\/old.supermichi.cl\/staging\/wp-json\/wp\/v2\/media\/15926"}],"wp:attachment":[{"href":"https:\/\/old.supermichi.cl\/staging\/wp-json\/wp\/v2\/media?parent=15886"}],"wp:term":[{"taxonomy":"product_cat","embeddable":true,"href":"https:\/\/old.supermichi.cl\/staging\/wp-json\/wp\/v2\/product_cat?post=15886"},{"taxonomy":"product_tag","embeddable":true,"href":"https:\/\/old.supermichi.cl\/staging\/wp-json\/wp\/v2\/product_tag?post=15886"}],"curies":[{"name":"wp","href":"https:\/\/api.w.org\/{rel}","templated":true}]}}